{"id":1934,"date":"2019-05-07T09:30:34","date_gmt":"2019-05-07T07:30:34","guid":{"rendered":"https:\/\/www.hvezdarna.cz\/sveduvedu\/?page_id=1934"},"modified":"2021-06-16T13:18:12","modified_gmt":"2021-06-16T11:18:12","slug":"fotogalerie","status":"publish","type":"page","link":"https:\/\/www.hvezdarna.cz\/sveduvedu\/fotogalerie\/","title":{"rendered":"Fotogalerie"},"content":{"rendered":"<h3 style=\"text-align: center;\">Fotky z&nbsp;nat\u00e1\u010den\u00ed<\/h3>\n<p style=\"text-align: center;\">\u00a0<\/p>\n","protected":false},"excerpt":{"rendered":"<p>Fotky z&nbsp;nat\u00e1\u010den\u00ed \u00a0<\/p>\n","protected":false},"author":1,"featured_media":0,"parent":0,"menu_order":0,"comment_status":"closed","ping_status":"closed","template":"","meta":[],"_links":{"self":[{"href":"https:\/\/www.hvezdarna.cz\/sveduvedu\/wp-json\/wp\/v2\/pages\/1934"}],"collection":[{"href":"https:\/\/www.hvezdarna.cz\/sveduvedu\/wp-json\/wp\/v2\/pages"}],"about":[{"href":"https:\/\/www.hvezdarna.cz\/sveduvedu\/wp-json\/wp\/v2\/types\/page"}],"author":[{"embeddable":true,"href":"https:\/\/www.hvezdarna.cz\/sveduvedu\/wp-json\/wp\/v2\/users\/1"}],"replies":[{"embeddable":true,"href":"https:\/\/www.hvezdarna.cz\/sveduvedu\/wp-json\/wp\/v2\/comments?post=1934"}],"version-history":[{"count":20,"href":"https:\/\/www.hvezdarna.cz\/sveduvedu\/wp-json\/wp\/v2\/pages\/1934\/revisions"}],"predecessor-version":[{"id":2594,"href":"https:\/\/www.hvezdarna.cz\/sveduvedu\/wp-json\/wp\/v2\/pages\/1934\/revisions\/2594"}],"wp:attachment":[{"href":"https:\/\/www.hvezdarna.cz\/sveduvedu\/wp-json\/wp\/v2\/media?parent=1934"}],"curies":[{"name":"wp","href":"https:\/\/api.w.org\/{rel}","templated":true}]}}