{"id":1932,"date":"2019-05-07T09:30:25","date_gmt":"2019-05-07T07:30:25","guid":{"rendered":"https:\/\/www.hvezdarna.cz\/sveduvedu\/?page_id=1932"},"modified":"2021-06-16T23:08:51","modified_gmt":"2021-06-16T21:08:51","slug":"vedci","status":"publish","type":"page","link":"https:\/\/www.hvezdarna.cz\/sveduvedu\/vedci\/","title":{"rendered":"Hrdinov\u00e9 p\u0159\u00edb\u011bh\u016f"},"content":{"rendered":"<h4><img loading=\"lazy\" class=\"alignnone size-thumbnail wp-image-2454 lazyload lazyload\" data-src=\"https:\/\/www.hvezdarna.cz\/sveduvedu\/wp-content\/uploads\/2021\/06\/sab-30-1-150x150.jpg\" alt=\"\" width=\"150\" height=\"150\" \/><noscript><img loading=\"lazy\" class=\"alignnone size-thumbnail wp-image-2454 lazyload\" src=\"https:\/\/www.hvezdarna.cz\/sveduvedu\/wp-content\/uploads\/2021\/06\/sab-30-1-150x150.jpg\" alt=\"\" width=\"150\" height=\"150\" \/><\/noscript><\/h4>\n<h4 style=\"color: #b41e8e;\">Tom\u00e1\u0161 Matonoha<\/h4>\n<p><span style=\"font-size: 1.125rem;\"><i>moder\u00e1tor<br \/>\n<\/i><\/span><strong style=\"font-size: 1.125rem;\"><br \/>\n<\/strong>Tom\u00e1\u0161 Matonoha je uzn\u00e1van\u00fd \u010desk\u00fd herec, komik i&nbsp;zku\u0161en\u00fd moder\u00e1tor. Krom\u011b divadeln\u00edch anga\u017em\u00e1 v&nbsp;HaDivadle a&nbsp;Rokoku se proslavil zejm\u00e9na rolemi ve filmech Mist\u0159i, Divok\u00e9 v\u010dely, Besti\u00e1\u0159 nebo Bobule. P\u016fsob\u00ed i&nbsp;seri\u00e1lech, \u0161irok\u00e9 ve\u0159ejnosti je zn\u00e1m\u00fd ze seri\u00e1l\u016f \u010cetnick\u00e9 humoresky, Ulice nebo nezapomenuteln\u00fd Comeback.<br \/>\nJe tv\u016frcem osobit\u00fdch stand up ske\u010d\u016f v&nbsp;po\u0159adu Na stoj\u00e1ka, mil\u00e1\u010dkem publika se stal i&nbsp;v po\u0159adu Tvoje tv\u00e1\u0159 m\u00e1 zn\u00e1m\u00fd hlas. Te\u010f v\u00e1m pom\u016f\u017ee objevit tajemstv\u00ed brn\u011bnsk\u00e9 v\u011bdy.<\/p>\n<h4>\u00a0<\/h4>\n<p><img loading=\"lazy\" class=\"alignnone size-thumbnail wp-image-2384 lazyload lazyload\" data-src=\"https:\/\/www.hvezdarna.cz\/sveduvedu\/wp-content\/uploads\/2021\/06\/sab-5-150x150.jpg\" alt=\"\" width=\"150\" height=\"150\" \/><noscript><img loading=\"lazy\" class=\"alignnone size-thumbnail wp-image-2384 lazyload\" src=\"https:\/\/www.hvezdarna.cz\/sveduvedu\/wp-content\/uploads\/2021\/06\/sab-5-150x150.jpg\" alt=\"\" width=\"150\" height=\"150\" \/><\/noscript><\/p>\n<h4 style=\"color: #b41e8e;\">doc. Mgr. Norbert Werner, Ph.D.<\/h4>\n<p><span style=\"font-size: 1.125rem;\"><i>Masarykova univerzita <em> &gt;<\/em> P\u0159\u00edrodov\u011bdeck\u00e1 fakulta <em> &gt;<\/em> \u00dastav teoretick\u00e9 fyziky\u00a0<\/p>\n<p><\/i><\/span><strong style=\"font-size: 1.125rem;\">Ud\u011blal d\u00edru sv\u011bta v\u00fdzkumem \u010dern\u00fdch d\u011br<\/strong><\/p>\n<div class=\"itemIntroText\">\n<p>Astrofyzik Norbert Werner je dr\u017eitelem unik\u00e1tn\u00edho grantu Masarykovy univerzity MUNI Award in Science and Humanities. Coby odborn\u00edk na chov\u00e1n\u00ed \u010dern\u00fdch d\u011br \u010di mezigalaktick\u00e9ho plynu se v&nbsp;Brn\u011b v\u011bnuje mimo jin\u00e9 spolupr\u00e1ci s&nbsp;firmami, kter\u00e9 se zab\u00fdvaj\u00ed v\u00fdvojem mal\u00fdch dru\u017eic. <span style=\"font-size: 1.125rem;\">Do Brna p\u0159e\u0161el z&nbsp;Univerzity Lor\u00e1nda E\u00f6tv\u00f6se v&nbsp;Budape\u0161ti, kam p\u0159i\u0161el po osmilet\u00e9m p\u016fsoben\u00ed na Stanfordov\u011b univerzit\u011b ve Spojen\u00fdch st\u00e1tech. P\u0159edn\u00e1\u0161\u00ed v&nbsp;japonsk\u00e9 Hiro\u0161im\u011b a&nbsp;na Masarykov\u011b univerzit\u011b, kam p\u0159esunul i&nbsp;sv\u016fj v\u00fdzkum. C\u00edlem jeho brn\u011bnsk\u00e9 mise je ve spolupr\u00e1ci s&nbsp;nov\u00fdm t\u00fdmem z\u00edsk\u00e1vat nov\u00e9 poznatky o&nbsp;galaxi\u00edch a&nbsp;\u010dern\u00fdch d\u00edr\u00e1ch pomoc\u00ed velk\u00fdch kosmick\u00fdch dalekohled\u016f a&nbsp;tak\u00e9 o&nbsp;energetick\u00fdch gama z\u00e1blesc\u00edch pomoc\u00ed nanosatelit\u016f. P\u0159esto\u017ee m\u00e1 astronomie v&nbsp;Brn\u011b tradici, v\u00fdzkumem hork\u00e9ho a&nbsp;energetick\u00e9ho vesm\u00edru se tu dote\u010f nikdo nezab\u00fdval. \u201eO 95 procentech vesm\u00edru nic nev\u00edme, co\u017e sk\u00fdt\u00e1 obrovsk\u00fd prostor pro dal\u0161\u00ed objevy,\u201c<\/span> \u0159\u00edk\u00e1 mlad\u00e1 v\u011bdeck\u00e1 hv\u011bzda.<\/p>\n<p><img loading=\"lazy\" class=\"alignnone size-thumbnail wp-image-2432 lazyload lazyload\" data-src=\"https:\/\/www.hvezdarna.cz\/sveduvedu\/wp-content\/uploads\/2021\/06\/sab-9-1-150x150.jpg\" alt=\"\" width=\"150\" height=\"150\" \/><noscript><img loading=\"lazy\" class=\"alignnone size-thumbnail wp-image-2432 lazyload\" src=\"https:\/\/www.hvezdarna.cz\/sveduvedu\/wp-content\/uploads\/2021\/06\/sab-9-1-150x150.jpg\" alt=\"\" width=\"150\" height=\"150\" \/><\/noscript><\/p>\n<\/div>\n<h4 style=\"color: #b41e8e;\">V\u00fdzkumn\u00fd a&nbsp;zku\u0161ebn\u00ed leteck\u00fd \u00fastav<\/h4>\n<p><em>pobo\u010dka Brno<\/em><\/p>\n<p><strong style=\"font-size: 1.125rem;\">Poslali na orbit prvn\u00ed \u010deskou nanodru\u017eici, kter\u00e1 st\u00e1le vys\u00edl\u00e1. Nov\u00fd satelit \u010dek\u00e1 na start a&nbsp;bude zkoumat \u010dern\u00e9 d\u00edry.<\/strong><\/p>\n<p>VZL\u00da je n\u00e1rodn\u00edm centrem pro v\u00fdzkum, v\u00fdvoj, inovace a&nbsp;zku\u0161ebnictv\u00ed pro leteck\u00fd a&nbsp;kosmick\u00fd pr\u016fmysl. C\u00edlem kosmick\u00e9ho programu je posunout \u010ceskou republiku z&nbsp;dodavatelsk\u00fdch \u0159et\u011bzc\u016f pro evropsk\u00e9 mise o&nbsp;\u00farove\u0148 v\u00fd\u0161 k&nbsp;vlastn\u00edm kosmick\u00fdm projekt\u016fm, na kter\u00fdch se bude pod\u00edlet \u0161irok\u00e9 spektrum kosmick\u00fdch firem. VZL\u00da za\u010dal spolupracovat s&nbsp;Evropskou kosmickou agenturou je\u0161t\u011b p\u0159ed vstupem \u010cR do ESA v&nbsp;roce 2005 prac\u00ed na evropsk\u00e9 misi SWARM. Ta zkoumala magnetick\u00e9 pole Zem\u011b. Prvn\u00edm samostatn\u00fdm vesm\u00edrn\u00fdm projektem byla mise nanosatelitu VZLUSAT-1, kter\u00fd odstartoval v&nbsp;l\u00e9t\u011b 2017. Dva kilogramy v\u00e1\u017e\u00edc\u00ed dru\u017eice o&nbsp;velikosti 2U (10x10x20 centimetr\u016f) startovala do vesm\u00edru z&nbsp;Indie spole\u010dn\u011b s&nbsp;dal\u0161\u00edmi 31 dru\u017eicemi stejn\u00e9ho typu v&nbsp;r\u00e1mci mezin\u00e1rodn\u00ed mise QB50. Dnes z\u016fst\u00e1v\u00e1 jednou z&nbsp;posledn\u00edch.<br \/>\nV sou\u010dasn\u00e9 dob\u011b \u010dek\u00e1 na start n\u00e1sledovnice t\u00e9to \u010desk\u00e9 st\u00e1lice. Zkoumat by m\u011bla i&nbsp;gama z\u00e1blesky z&nbsp;\u010dern\u00fdch d\u011br. Data poslou\u017e\u00ed i&nbsp;v\u00fdzkumu Norberta Wernera.<\/p>\n<p><img loading=\"lazy\" class=\"alignnone size-thumbnail wp-image-2468 lazyload lazyload\" data-src=\"https:\/\/www.hvezdarna.cz\/sveduvedu\/wp-content\/uploads\/2021\/06\/SAB-42-150x150.jpg\" alt=\"\" width=\"150\" height=\"150\" \/><noscript><img loading=\"lazy\" class=\"alignnone size-thumbnail wp-image-2468 lazyload\" src=\"https:\/\/www.hvezdarna.cz\/sveduvedu\/wp-content\/uploads\/2021\/06\/SAB-42-150x150.jpg\" alt=\"\" width=\"150\" height=\"150\" \/><\/noscript><\/p>\n<h4 style=\"color: #b41e8e;\">SAB Aerospace<\/h4>\n<p><strong>\u017dab\u00ed kosmonauti, recyklace mo\u010di i&nbsp;\u010dty\u0159ikr\u00e1t levn\u011bj\u0161\u00ed p\u0159\u00edstup do vesm\u00edru. Brn\u011bnsk\u00e1 firma m\u00ed\u0159\u00ed ke hv\u011bzd\u00e1m.<\/strong><\/p>\n<p>Dispenzer zajist\u00ed a\u017e \u010dty\u0159ikr\u00e1t levn\u011bj\u0161\u00ed p\u0159\u00edstup do vesm\u00edru. Plato zase pom\u016f\u017ee s&nbsp;exoplanetami. D\u00edky tomu mo\u017en\u00e1 najdeme \u017eivot mimo na\u0161i soustavu. Vysl\u00e1n\u00ed \u017eab do vesm\u00edru zase pom\u016f\u017ee zkoumat imunitu prav\u00fdch kosmonaut\u016f ve vesm\u00edrn\u00e9m prost\u0159ed\u00ed. V\u00fdzkum recyklace mo\u010di zase povede k&nbsp;tomu, \u017ee budouc\u00ed kv\u011btiny na Marsu budeme m\u00edt \u010d\u00edm zal\u00e9vat&#8230;\u00a0 Za sedm let, co SAB Aerospace p\u016fsob\u00ed v&nbsp;Brn\u011b, stal l\u00eddrem \u010desk\u00e9ho kosmick\u00e9ho pr\u016fmyslu a&nbsp;spolupracuje na projektech, o&nbsp;kter\u00fdch se mnoha kosmick\u00fdm firm\u00e1m zd\u00e1&#8230;\u00a0 SAB je hrd\u00e1 brn\u011bnsk\u00e1 firma s\u00eddl\u00edc\u00ed v&nbsp;Technologick\u00e9m parku. D\u011bl\u00e1 \u010dist\u011b kosmick\u00fd pr\u016fmysl. Od v\u00fdvoje, p\u0159es prototypy a\u017e po mont\u00e1\u017e a&nbsp;testov\u00e1n\u00ed.<\/p>\n<h4>\u00a0<\/h4>\n<h4 style=\"color: #b41e8e;\"><span style=\"font-size: 1.125rem;\"><span style=\"color: #b41e8e;\"><img loading=\"lazy\" class=\"alignnone size-thumbnail wp-image-2495 lazyload lazyload\" data-src=\"https:\/\/www.hvezdarna.cz\/sveduvedu\/wp-content\/uploads\/2021\/06\/SAB-67-150x150.jpg\" alt=\"\" width=\"150\" height=\"150\" \/><noscript><img loading=\"lazy\" class=\"alignnone size-thumbnail wp-image-2495 lazyload\" src=\"https:\/\/www.hvezdarna.cz\/sveduvedu\/wp-content\/uploads\/2021\/06\/SAB-67-150x150.jpg\" alt=\"\" width=\"150\" height=\"150\" \/><\/noscript><\/span><\/span><\/h4>\n<h4 style=\"color: #b41e8e;\"><span style=\"font-size: 1.125rem;\"><span style=\"color: #b41e8e;\">Petr Kapoun<\/span><\/span><\/h4>\n<h4 style=\"color: #b41e8e;\"><em style=\"color: #333333; font-size: 1.125rem; font-weight: 400;\">provozn\u00ed \u0159editel SAB Aerospace<\/em><\/h4>\n<p>M\u00fdm c\u00edlem je postavit ekosyst\u00e9m, ve kter\u00e9m bude \u0161kolka, \u0161kola, funguj\u00edc\u00ed spolupr\u00e1ce s&nbsp;univerzitou a&nbsp;firma. Firma, kter\u00e9 pracuje jinak, d\u00edv\u00e1 se na v\u011bci jinak. Ne proto, aby zam\u011bstnanci po\u0159\u00e1d jen pracovali. Naopak &#8211; chci jim pomoci dos\u00e1hnout rovnov\u00e1hy mezi osobn\u00edm a&nbsp;pracovn\u00edm \u017eivotem, a&nbsp;z pr\u00e1ce je n\u011bkdy i&nbsp;vyhnat, kdy\u017e tam budou tr\u00e1vit moc \u010dasu. A&nbsp;tu firmu? Tu chci vyhnat do vesm\u00edru a&nbsp;naproti technologi\u00edm a&nbsp;budoucnosti.\u00a0<\/p>\n<p><img loading=\"lazy\" class=\"alignnone size-thumbnail wp-image-2575 lazyload lazyload\" data-src=\"https:\/\/www.hvezdarna.cz\/sveduvedu\/wp-content\/uploads\/2021\/06\/15718-sarka-pospisilova1-1200x630-1-150x150.jpeg\" alt=\"\" width=\"150\" height=\"150\" \/><noscript><img loading=\"lazy\" class=\"alignnone size-thumbnail wp-image-2575 lazyload\" src=\"https:\/\/www.hvezdarna.cz\/sveduvedu\/wp-content\/uploads\/2021\/06\/15718-sarka-pospisilova1-1200x630-1-150x150.jpeg\" alt=\"\" width=\"150\" height=\"150\" \/><\/noscript><\/p>\n<h4><span title=\"Titul p\u0159ed jm\u00e9nem\">prof. RNDr.<\/span>\u00a0<span title=\"Jm\u00e9no\">\u0160\u00e1rka<\/span>\u00a0<span title=\"P\u0159\u00edjmen\u00ed\">Posp\u00ed\u0161ilov\u00e1<\/span>,\u00a0<span id=\"titul_za\" title=\"Titul za jm\u00e9nem\">Ph.D.<\/span><\/h4>\n<p><em>Prorektorka pro v\u00fdzkum a&nbsp;doktorsk\u00e9 studium MU &gt; Centrum molekul\u00e1rn\u00ed medic\u00edny &#8211; St\u0159edoevropsk\u00fd technologick\u00fd institut (CEITEC) \u00a0&gt; Vedouc\u00ed v\u00fdzkumn\u00e9ho centra<\/em><\/p>\n<p><strong>Na stop\u011b vym\u00fdcen\u00ed genetick\u00e9 leuk\u00e9mie<\/strong><\/p>\n<p>Profesorka Posp\u00ed\u0161ilov\u00e1 p\u016fsob\u00ed v&nbsp;neju\u017e\u0161\u00edm veden\u00ed Masarykovy univerzity. To j\u00ed v\u0161ak nebr\u00e1n\u00ed se naplno v\u011bnovat v\u00fdzkumu genetick\u00fdch onemocn\u011bn\u00ed a&nbsp;posouv\u00e1n\u00ed molekul\u00e1rn\u00ed biologie vp\u0159ed. V&nbsp;sou\u010dasnosti je l\u00eddrem projektu Anal\u00fdza \u010desk\u00fdch genom\u016f, kter\u00fd mapuje genetick\u00e9 p\u0159edpoklady \u010cech\u016f. Jejich v\u00fdzkum pak m\u016f\u017ee pomoci v&nbsp;c\u00edlen\u011bj\u0161\u00ed l\u00e9ka\u0159sk\u00e9 pomoci \u010desk\u00e9 populaci. Ve t\u0159et\u00edm d\u00edle seri\u00e1lu Svedu v\u011bdu n\u00e1m profesorka Posp\u00ed\u0161ilov\u00e1 p\u0159edstav\u00ed v\u00fdsledky pr\u00e1ce, p\u0159i kter\u00e9 v\u011bdci zji\u0161\u0165ovali predispozice ke krevn\u00edm nemocem. Zavede do sv\u011bta lid\u00ed trp\u00edc\u00edch akutn\u00ed lymfoblastickou leukemi\u00ed, kte\u0159\u00ed je\u0161t\u011b p\u0159ed deseti lety nem\u011bli sv\u011btl\u00e9 vyhl\u00eddky. D\u00edky v\u00fdsledk\u016fm brn\u011bnsk\u00e9ho b\u00e1d\u00e1n\u00ed ale ji\u017e nyn\u00ed cel\u00fd v\u011bdeck\u00fd a&nbsp;medic\u00ednsk\u00fd sv\u011bt v\u00ed, \u017ee pr\u00e1v\u011b tento druh rakoviny m\u00e1 genetick\u00fd p\u016fvod a&nbsp;tak je snadn\u011bj\u0161\u00ed pom\u00e1hat nejen samotn\u00fdm pacient\u016fm, ale i&nbsp;jejich rodin\u011b.<\/p>\n<p><img loading=\"lazy\" class=\"alignnone size-thumbnail wp-image-2574 lazyload lazyload\" data-src=\"https:\/\/www.hvezdarna.cz\/sveduvedu\/wp-content\/uploads\/2021\/06\/prof-doubek-150x150.jpg\" alt=\"\" width=\"150\" height=\"150\" \/><noscript><img loading=\"lazy\" class=\"alignnone size-thumbnail wp-image-2574 lazyload\" src=\"https:\/\/www.hvezdarna.cz\/sveduvedu\/wp-content\/uploads\/2021\/06\/prof-doubek-150x150.jpg\" alt=\"\" width=\"150\" height=\"150\" \/><\/noscript><\/p>\n<h4>prof. MUDr. Michael Doubek, Ph.D.<\/h4>\n<p><i>Fakultn\u00ed nemocnice Brno &gt; Intern\u00ed hematologick\u00e1 a\u00a0onkologick\u00e1 klinika &gt; vedouc\u00ed l\u00e9ka\u0159 leukemick\u00e9 skupiny &gt; specializovan\u00fd v\u011bdec CEITEC<\/i><i>\u00a0<\/i><\/p>\n<p style=\"font-weight: 400;\"><strong>Dnes vyl\u00e9\u010d\u00edme v\u011bt\u0161inu nemocn\u00fdch s\u00a0akutn\u00ed lymfoblastickou leukemi\u00ed a&nbsp;v\u00edme v\u00edc o&nbsp;d\u011bdi\u010dnosti t\u00e9to nemoci<\/strong><\/p>\n<p style=\"font-weight: 400;\">Jeho posl\u00e1n\u00edm je posouvat hranice sou\u010dasn\u00e9 hematologie a&nbsp;onkologie. D\u00edky n\u011bmu se do Brna dostal v\u00fdzkum odpov\u00eddaj\u00edc\u00ed na ot\u00e1zky d\u011bdi\u010dnosti n\u011bkter\u00fdch druh\u016f leuk\u00e9mie. A&nbsp;pr\u00e1v\u011b d\u00edky spolupr\u00e1ci s&nbsp;v\u011bdci sousedn\u00edho St\u0159edoevropsk\u00e9ho technologick\u00e9ho institutu Masarykovy univerzity se mu da\u0159\u00ed v\u00fdvoj tohoto odv\u011btv\u00ed posouvat m\u00edlov\u00fdmi kroky. L\u00e9\u010dba leuk\u00e9mie pokro\u010dila za posledn\u00edch 10 let, v&nbsp;p\u0159\u00edpad\u011b n\u011bkter\u00fdch typ\u016f u\u017e za posledn\u00edch 20 let, snad nejv\u00edce ze v\u0161ech onkologick\u00fdch obor\u016f. M\u00e1me \u0159adu nov\u00fdch l\u00e9k\u016f, kter\u00e9 jsou p\u0159esn\u011b c\u00edleny na zm\u011bny v&nbsp;leukemick\u00fdch bu\u0148k\u00e1ch. Bu\u0148ky leukemi\u00ed jsou snadno p\u0159\u00edstupn\u00e9 z&nbsp;perifern\u00ed krve i&nbsp;kostn\u00ed d\u0159en\u011b, tak\u017ee jejich anal\u00fdzy i&nbsp;opakovan\u00e9 anal\u00fdzy jsou snadn\u011bj\u0161\u00ed, ne\u017e je tomu u&nbsp;v\u011bt\u0161iny n\u00e1dor\u016f. Dnes lze vyl\u00e9\u010dit p\u0159es 90 % d\u011bt\u00ed s&nbsp;akutn\u00ed lymfoblastickou leukemi\u00ed a&nbsp;v\u00edce jak 60 % dosp\u011bl\u00fdch s&nbsp;toto nemoc\u00ed. Objevuje se \u0159ada l\u00e9k\u016f i&nbsp;pro dal\u0161\u00ed leukemie. V&nbsp;Brn\u011b je jedno z&nbsp;evropsk\u00fdch center pro l\u00e9\u010dbu akutn\u00ed lymfoblastick\u00e9 leukemie dosp\u011bl\u00fdch, kde se \u0159e\u0161\u00ed \u0159ada projekt\u016f t\u00fdkaj\u00edc\u00edch se d\u011bdi\u010dnosti, progn\u00f3zy i&nbsp;l\u00e9\u010dby t\u00e9to nemoci. Centrum \u00fazce spolupracuje s&nbsp;Evropskou pracovn\u00ed skupinou pro akutn\u00ed lymfoblastickou leukemi\u00ed dosp\u011bl\u00fdch a&nbsp;m\u00e1 v&nbsp;r\u00e1mci t\u00e9to skupiny \u0159adu vlastn\u00edch projekt\u016f.<\/p>\n<p style=\"font-weight: 400;\">\u00a0<\/p>\n<p><img loading=\"lazy\" class=\"alignnone size-thumbnail wp-image-2497 lazyload lazyload\" data-src=\"https:\/\/www.hvezdarna.cz\/sveduvedu\/wp-content\/uploads\/2021\/06\/vyber-2-150x150.jpg\" alt=\"\" width=\"150\" height=\"150\" \/><noscript><img loading=\"lazy\" class=\"alignnone size-thumbnail wp-image-2497 lazyload\" src=\"https:\/\/www.hvezdarna.cz\/sveduvedu\/wp-content\/uploads\/2021\/06\/vyber-2-150x150.jpg\" alt=\"\" width=\"150\" height=\"150\" \/><\/noscript><\/p>\n<h4>Jakub Leke\u0161<\/h4>\n<p><span style=\"font-size: 1.125rem;\"><i>pacient<\/p>\n<p><\/i><\/span><strong style=\"font-size: 1.125rem;\">Znovu jsem se narodil. Te\u010f u\u017e \u017eiju norm\u00e1ln\u00ed \u017eivot.<\/strong><\/p>\n<p>\u0160estadvacetilet\u00fd Jakub dnes \u017eije norm\u00e1ln\u00ed \u017eivot mlad\u00e9ho mu\u017ee. Chod\u00ed do pr\u00e1ce, ob\u010das si zahraje milovan\u00fd hokej, po kter\u00e9m si zajde na pivo. Jen\u017ee je\u0161t\u011b p\u0159ed jeden\u00e1cti lety bylo v\u0161echno jinak. Jakub byl p\u0159esv\u011bd\u010den\u00fd, \u017ee mu u\u017e mnoho \u017eivota nezb\u00fdv\u00e1. V&nbsp;patn\u00e1cti letech mu ozn\u00e1mili, \u017ee trp\u00ed akutn\u00ed lymfloblastickou leukemi\u00ed. Podstoupil l\u00e9\u010dbu chemoterapi\u00ed a&nbsp;celou dev\u00e1tou t\u0159\u00eddu absolvoval distan\u010dn\u011b. Tehdy se l\u00e9ka\u0159\u016fm ve Fakultn\u00ed nemocnice v&nbsp;Brn\u011b poda\u0159ilo vyl\u00e9\u010dit a&nbsp;Jakubovi se rozjel op\u011bt \u017eivot mlad\u00e9ho \u010dlov\u011bka. Na st\u0159edn\u00ed \u0161kole se ale dozv\u011bd\u011bl, \u017ee se mu nemoc vr\u00e1tila. Jedinou mo\u017enost\u00ed jak se vyl\u00e9\u010dit bylo naj\u00edt vhodn\u00e9ho d\u00e1rce kostn\u00ed d\u0159en\u011b. Jen\u017ee to nebylo tak snadn\u00e9&#8230; jak to s&nbsp;mlad\u00fdm Jakubem dopadlo a&nbsp;jakou roli v&nbsp;jeho p\u0159\u00edb\u011bhu sehr\u00e1li brn\u011bn\u0161t\u00ed v\u011bdci sledujte ve t\u0159et\u00edm d\u00edle seri\u00e1lu Svedu v\u011bdu&#8230;<\/p>\n<p>&nbsp;<\/p>\n","protected":false},"excerpt":{"rendered":"<p>Tom\u00e1\u0161 Matonoha moder\u00e1tor Tom\u00e1\u0161 Matonoha je uzn\u00e1van\u00fd \u010desk\u00fd herec, komik i&nbsp;zku\u0161en\u00fd moder\u00e1tor. Krom\u011b divadeln\u00edch anga\u017em\u00e1 v&nbsp;HaDivadle a&nbsp;Rokoku se proslavil zejm\u00e9na rolemi ve filmech Mist\u0159i, Divok\u00e9 v\u010dely, Besti\u00e1\u0159 nebo Bobule. P\u016fsob\u00ed i&nbsp;seri\u00e1lech, \u0161irok\u00e9 ve\u0159ejnosti je zn\u00e1m\u00fd ze seri\u00e1l\u016f \u010cetnick\u00e9 humoresky, Ulice nebo nezapomenuteln\u00fd Comeback. Je tv\u016frcem osobit\u00fdch stand up ske\u010d\u016f v&nbsp;po\u0159adu Na stoj\u00e1ka, mil\u00e1\u010dkem publika se [&hellip;]<\/p>\n","protected":false},"author":1,"featured_media":0,"parent":0,"menu_order":0,"comment_status":"closed","ping_status":"closed","template":"","meta":[],"_links":{"self":[{"href":"https:\/\/www.hvezdarna.cz\/sveduvedu\/wp-json\/wp\/v2\/pages\/1932"}],"collection":[{"href":"https:\/\/www.hvezdarna.cz\/sveduvedu\/wp-json\/wp\/v2\/pages"}],"about":[{"href":"https:\/\/www.hvezdarna.cz\/sveduvedu\/wp-json\/wp\/v2\/types\/page"}],"author":[{"embeddable":true,"href":"https:\/\/www.hvezdarna.cz\/sveduvedu\/wp-json\/wp\/v2\/users\/1"}],"replies":[{"embeddable":true,"href":"https:\/\/www.hvezdarna.cz\/sveduvedu\/wp-json\/wp\/v2\/comments?post=1932"}],"version-history":[{"count":58,"href":"https:\/\/www.hvezdarna.cz\/sveduvedu\/wp-json\/wp\/v2\/pages\/1932\/revisions"}],"predecessor-version":[{"id":2597,"href":"https:\/\/www.hvezdarna.cz\/sveduvedu\/wp-json\/wp\/v2\/pages\/1932\/revisions\/2597"}],"wp:attachment":[{"href":"https:\/\/www.hvezdarna.cz\/sveduvedu\/wp-json\/wp\/v2\/media?parent=1932"}],"curies":[{"name":"wp","href":"https:\/\/api.w.org\/{rel}","templated":true}]}}