{"id":37,"date":"2018-07-17T16:23:01","date_gmt":"2018-07-17T14:23:01","guid":{"rendered":"http:\/\/www.hvezdarna.cz\/magion1\/?page_id=37"},"modified":"2021-03-17T10:29:03","modified_gmt":"2021-03-17T09:29:03","slug":"projekt-magion-1s","status":"publish","type":"page","link":"https:\/\/www.hvezdarna.cz\/magion1\/index.php\/projekt-magion-1s\/","title":{"rendered":"Projekt Magion 1S"},"content":{"rendered":"<h2><strong>Seznamte se s Magionem 1S<\/strong><\/h2>\n<p><span style=\"font-weight: 400;\">Magion-1S je maketa dru\u017eice Magion-1 v mierke 1:1. Narozdie\u013e od star\u0161ieho brata v\u0161ak ponesie na svojej palube modern\u00fa techniku a nov\u00e9 experimenty. Magion-1S bude taktie\u017e vybaven\u00fd kamerovou technikou a pripravili sme pre V\u00e1s aj \u010fal\u0161ie zauj\u00edmav\u00e9 aktivity. <\/span><\/p>\n<p><span style=\"font-weight: 400;\">T\u00e1to \u201edru\u017eica\u201c v\u0161ak nepolet\u00ed do vesm\u00edru, ale len na hranicu vesm\u00edru, do stratosf\u00e9ry. Vypust\u00edme ju uviazan\u00fa pod ve\u013ek\u00fdm meteorologick\u00fdm bal\u00f3nom. Samotn\u00fd let bude trva\u0165 pribli\u017ene 4-5 hod\u00edn a uskuto\u010dn\u00ed sa z malej slovenskej dedinky Mal\u00e9 Bielice ne\u010faleko mesta Partiz\u00e1nske. Magion-1S je spolo\u010dn\u00fd projekt Hv\u011bzd\u00e1rny a planet\u00e1ria Brno, Hv\u011bzd\u00e1rny a planet\u00e1ria hl. m. Prahy a Slovenskej organiz\u00e1cie pre vesm\u00edrne aktivity (SOSA).<\/span><\/p>\n<p>&nbsp;<\/p>\n<h2><strong>Mise Magionu 1S<\/strong><\/h2>\n<p><span style=\"font-weight: 400;\">\u0160tart unik\u00e1tnej misie Magion 1S sa uskuto\u010dn\u00ed v polovici okt\u00f3bra, pribli\u017en\u011b 40. rokov po tom \u010do sa do vesm\u00edru pozrel jeho star\u0161\u00ed brat. Touto misiou si chceme pripomen\u00fa\u0165 t\u00fato v\u00fdznamn\u00fa udalos\u0165 \u010deskoslovenskej kozmonautiky. Na palube sa bude nach\u00e1dza\u0165 nieko\u013eko zauj\u00edmav\u00fdch experimentov a v s\u00favislosti s t\u00fdmto \u0161tartom sa m\u00f4\u017eete zapoji\u0165 aj do nieko\u013ek\u00fdch zauj\u00edmav\u00fdch aktiv\u00edt. T\u00e1to misia bude z\u00e1rove\u0148 prvou spolo\u010dnou \u010desko-slovenskou \u201edru\u017eicou\u201c za posledn\u00fdch 30 rokov!<\/span><\/p>\n<p>&nbsp;<\/p>\n<h3><span style=\"font-weight: 400;\">D\u00f4le\u017eit\u00e9 inform\u00e1cie<\/span><\/h3>\n<p><b>Term\u00edn:<\/b><span style=\"font-weight: 400;\"> Do \u00favahy pripadaj\u00fa dva v\u00edkendy <\/span><b>20. \u2013 21. 10.<\/b><span style=\"font-weight: 400;\"> a <\/span><b>26. \u2013 28. 10.<\/b><span style=\"font-weight: 400;\"> Budeme sledova\u0165 v\u00fdvoj po\u010dasia a \u010fal\u0161ie faktory, ktor\u00e9 m\u00f4\u017eu ovplyvni\u0165 term\u00edn a \u010das \u0161tartu. O v\u0161etkom budeme v\u010das informova\u0165 na na\u0161ej str\u00e1nke, soci\u00e1lnych sie\u0165ach a v na\u0161om newsletteri.<\/span><\/p>\n<ul>\n<li>Sledujte Facebook <a href=\"https:\/\/www.facebook.com\/sofsa\/\" target=\"_blank\" rel=\"noopener noreferrer\">SOSA<\/a>,&nbsp;<span style=\"font-weight: 400;\"><a href=\"https:\/\/www.facebook.com\/hvezdarna.brno\/\" target=\"_blank\" rel=\"noopener noreferrer\">@hvezdarna.brno<\/a>, <a href=\"https:\/\/www.facebook.com\/planetariumpraha\/\" target=\"_blank\" rel=\"noopener noreferrer\">@planetariumpraha<\/a><\/span><\/li>\n<li>Odoberajte n\u00e1\u0161 newsletter<script>(function() {\n\twindow.mc4wp = window.mc4wp || {\n\t\tlisteners: [],\n\t\tforms: {\n\t\t\ton: function(evt, cb) {\n\t\t\t\twindow.mc4wp.listeners.push(\n\t\t\t\t\t{\n\t\t\t\t\t\tevent   : evt,\n\t\t\t\t\t\tcallback: cb\n\t\t\t\t\t}\n\t\t\t\t);\n\t\t\t}\n\t\t}\n\t}\n})();\n<\/script><!-- Mailchimp for WordPress v4.8.7 - https:\/\/wordpress.org\/plugins\/mailchimp-for-wp\/ --><form id=\"mc4wp-form-1\" class=\"mc4wp-form mc4wp-form-113 mc4wp-form-theme mc4wp-form-theme-dark\" method=\"post\" data-id=\"113\" data-name=\"\" ><div class=\"mc4wp-form-fields\"><p>\r\n    <label>Meno<\/label>\r\n    <input type=\"text\" name=\"FNAME\" placeholder=\"Va\u0161e meno\" >\r\n<\/p><p>\r\n    <label>Priezvisko<\/label>\r\n    <input type=\"text\" name=\"LNAME\" placeholder=\"Va\u0161e priezvisko\">\r\n<\/p>\r\n\r\n<p>\r\n\t<label>E-mail: <\/label>\r\n\t<input type=\"email\" name=\"EMAIL\" placeholder=\"Va\u0161a emailov\u00e1 adresa\" required \/>\r\n<\/p>\r\n\r\n<p>\r\n\t<input type=\"submit\" value=\"Prihl\u00e1si\u0165 sa k odberu\" \/>\r\n<\/p><\/div><label style=\"display: none !important;\">Leave this field empty if you're human: <input type=\"text\" name=\"_mc4wp_honeypot\" value=\"\" tabindex=\"-1\" autocomplete=\"off\" \/><\/label><input type=\"hidden\" name=\"_mc4wp_timestamp\" value=\"1777595097\" \/><input type=\"hidden\" name=\"_mc4wp_form_id\" value=\"113\" \/><input type=\"hidden\" name=\"_mc4wp_form_element_id\" value=\"mc4wp-form-1\" \/><div class=\"mc4wp-response\"><\/div><\/form><!-- \/ Mailchimp for WordPress Plugin --><\/li>\n<\/ul>\n<p>&nbsp;<\/p>\n<p><b>Miesto \u0161tartu:<\/b><span style=\"font-weight: 400;\"> Letisko Mal\u00e9 Bielice (48.620536N,18.3102673E)<\/span><\/p>\n<p><b>\u010cas \u0161tartu:<\/b><span style=\"font-weight: 400;\"> 7:00 LSE\u010c (predbe\u017ene)<\/span><\/p>\n<p><b>Pl\u00e1novan\u00e1 dr\u00e1ha letu:<\/b><span style=\"font-weight: 400;\"> Predpovede t\u00fdkaj\u00face sa samotn\u00e9ho letu za\u010dneme zverej\u0148ova\u0165 pribli\u017ene t\u00fd\u017ede\u0148 pred pl\u00e1novan\u00fdm \u0161tartom.<\/span><\/p>\n<p>&nbsp;<\/p>\n<h3>Zoznam pl\u00e1novan\u00fdch experimentov na palube:<\/h3>\n<ul>\n<li><strong>Kamerov\u00fd syst\u00e9m<\/strong>, ktor\u00fd bude zachyt\u00e1va\u0165 cel\u00fd priebeh letu sondy<\/li>\n<li><strong>Komponenty pre bud\u00faci \u010deskoslovensk\u00fd satelit<\/strong> &#8211; na palube Magionu-1S otestujeme niektor\u00e9 komponenty a software, ktor\u00fd by mohol letie\u0165 v bud\u00facnosti do vesm\u00edru na nanosatelite, podobn\u00e9mu ako napr\u00edklad 1. slovensk\u00e1 dru\u017eica <a href=\"http:\/\/skcube.sk\" target=\"_blank\" rel=\"noopener noreferrer\">skCUBE<\/a>, \u010di \u010desk\u00e1 nanodru\u017eica <a href=\"http:\/\/vzlusat1.cz\/cs\/\" target=\"_blank\" rel=\"noopener noreferrer\">VZLUSAT-1<\/a>.<\/li>\n<li><strong>Leteck\u00fd prij\u00edma\u010d<\/strong> &nbsp;&#8211; tento experiment si kladie za \u00falohu zachyt\u00e1va\u0165 sign\u00e1ly z lietadiel. Z v\u00fd\u0161ky pribli\u017ene 35km v ktorej sa na\u0161a sonda bude nach\u00e1dza\u0165 bude schopn\u00e1 po\u010d\u00fava\u0165 takmer v\u0161etky lietadl\u00e1 nad eur\u00f3pou!<\/li>\n<li><strong>Software na predikciu letu bal\u00f3na<\/strong> \u2013 \u0161tudenti brnenskej VUT vyvinuli \u0161peci\u00e1lny software ktor\u00fd dok\u00e1\u017ee predpoveda\u0165 dr\u00e1hu letu na\u0161ej sondy! Prv\u00fdkr\u00e1t bud\u00fa ma\u0165 mo\u017enos\u0165 otestova\u0165 si ho na\u017eivo.<\/li>\n<li><strong>NSat<\/strong> \u2013 je modul ktor\u00fd bude zaznamen\u00e1va\u0165 z\u00e1kladn\u00e9 aerologick\u00e9 veli\u010diny \u2013 teplotu okolit\u00e9ho prostredia, relat\u00edvnu vlhkos\u0165 a atmosferick\u00fd tlak. Experiment pripravuje Rebeka Martin\u00e1kova, \u017eia\u010dka z\u00e1kladnej \u0161koly v P\u00fachove.<\/li>\n<li>Na palube sondy bud\u00fa umiestnen\u00e9 aj <strong>semen\u00e1 r\u00f4znych rastl\u00edn<\/strong>. \u0160tudenti ich po lete zasadia a bud\u00fa porovn\u00e1va\u0165 ako sa im dar\u00ed v porovnan\u00ed s rastlinami, ktor\u00e9 neboli vystaven\u00e9 podmienkam v stratosf\u00e9re.<\/li>\n<\/ul>\n<p>&nbsp;<\/p>\n<p><b>A teraz pozor \u2013 na hranicu vesm\u00edru v sonde Magion 1S polet\u00ed aj pasa\u017eier! Moment\u00e1lne prebieha v\u00fdcvik Igr\u00e1\u010dka kozmonauta, ktor\u00fd sa tak pripravuje k svojmu prv\u00e9mu letu. Dr\u017ete mu palce a sledujte na\u0161e soci\u00e1lne siete, kde budete m\u00f4c\u0165 sledova\u0165 v\u00fdcvik kozmonauta a pr\u00edpravy k \u0161tartu! Mo\u017eno tak budete aj Vy ma\u0165 mo\u017enos\u0165 z\u00edska\u0165 postavi\u010dku Igr\u00e1\u010dka kozmonauta z ve\u013emi limitovanej ed\u00edcie.<\/b><\/p>\n<p>&nbsp;<\/p>\n<p><span style=\"font-weight: 400;\">Pre technicky zdatnej\u0161\u00edch sme pripravili aj \u010fal\u0161ie zauj\u00edmav\u00e9 aktivity. <a href=\"https:\/\/www.hvezdarna.cz\/magion1\/index.php\/zapojte-se\/\" target=\"_blank\" rel=\"noopener noreferrer\">Pre\u010d\u00edtajte si ako sa m\u00f4\u017eete zapoji\u0165 do unik\u00e1tneho projektu Magion 1S<\/a>.<\/span><\/p>\n","protected":false},"excerpt":{"rendered":"<p>Seznamte se s Magionem 1S Magion-1S je maketa dru\u017eice Magion-1 v mierke 1:1. Narozdie\u013e od star\u0161ieho brata v\u0161ak ponesie na svojej palube modern\u00fa techniku a nov\u00e9 experimenty. Magion-1S bude taktie\u017e vybaven\u00fd kamerovou technikou a pripravili sme pre V\u00e1s aj \u010fal\u0161ie zauj\u00edmav\u00e9 aktivity. T\u00e1to \u201edru\u017eica\u201c v\u0161ak nepolet\u00ed do vesm\u00edru, ale len&#8230;<\/p>\n","protected":false},"author":1,"featured_media":0,"parent":0,"menu_order":0,"comment_status":"closed","ping_status":"closed","template":"templates\/full-width-page.php","meta":{"_mi_skip_tracking":false},"_links":{"self":[{"href":"https:\/\/www.hvezdarna.cz\/magion1\/index.php\/wp-json\/wp\/v2\/pages\/37"}],"collection":[{"href":"https:\/\/www.hvezdarna.cz\/magion1\/index.php\/wp-json\/wp\/v2\/pages"}],"about":[{"href":"https:\/\/www.hvezdarna.cz\/magion1\/index.php\/wp-json\/wp\/v2\/types\/page"}],"author":[{"embeddable":true,"href":"https:\/\/www.hvezdarna.cz\/magion1\/index.php\/wp-json\/wp\/v2\/users\/1"}],"replies":[{"embeddable":true,"href":"https:\/\/www.hvezdarna.cz\/magion1\/index.php\/wp-json\/wp\/v2\/comments?post=37"}],"version-history":[{"count":15,"href":"https:\/\/www.hvezdarna.cz\/magion1\/index.php\/wp-json\/wp\/v2\/pages\/37\/revisions"}],"predecessor-version":[{"id":198,"href":"https:\/\/www.hvezdarna.cz\/magion1\/index.php\/wp-json\/wp\/v2\/pages\/37\/revisions\/198"}],"wp:attachment":[{"href":"https:\/\/www.hvezdarna.cz\/magion1\/index.php\/wp-json\/wp\/v2\/media?parent=37"}],"curies":[{"name":"wp","href":"https:\/\/api.w.org\/{rel}","templated":true}]}}