{"id":74,"date":"2017-11-13T13:54:42","date_gmt":"2017-11-13T13:54:42","guid":{"rendered":"http:\/\/www.hvezdarna.cz\/krouzek\/?page_id=74"},"modified":"2025-12-02T08:31:19","modified_gmt":"2025-12-02T07:31:19","slug":"uvod","status":"publish","type":"page","link":"https:\/\/www.hvezdarna.cz\/krouzek\/","title":{"rendered":"\u00davod"},"content":{"rendered":"<h2 style=\"color: red;\">N\u00e1bor do astronomick\u00e9ho krou\u017eku neprob\u00edh\u00e1.<\/h2>\n<p><img loading=\"lazy\" class=\"alignright wp-image-111 \" src=\"https:\/\/www.hvezdarna.cz\/krouzek\/wp-content\/uploads\/2017\/11\/13048013_1206685662690031_8435426964453276071_o-e1510602261337-300x210.jpg\" alt=\"\" width=\"365\" height=\"259\">V\u00edtejte na internetov\u00e9 str\u00e1nce astronomick\u00e9ho krou\u017eku v Brn\u011b.<\/p>\n<p>Krou\u017eek je organizovan\u00fd \u00dastavem teoretick\u00e9 fyziky a astrofyziky Masarykovy univerzity ve spolupr\u00e1ci s Hv\u011bzd\u00e1rnou a planet\u00e1riem Brno. Jeho \u00fa\u010dastn\u00edci se pod veden\u00edm lektor\u016f u\u010d\u00ed jak teorii z oblasti astronomie, tak i praktick\u00e9 zru\u010dnosti jako je pr\u00e1ce s dalekohledem a orientace na hv\u011bzdn\u00e9 obloze. Krou\u017eek je ur\u010den pro d\u011bti ve v\u011bku 10-17 let.<\/p>\n<p>Hlavn\u00ed \u00fa\u010del str\u00e1nky je uve\u0159ej\u0148ov\u00e1n\u00ed pracovn\u00edch list\u016f a \u00fakol\u016f z p\u0159edn\u00e1\u0161ek. Ty jsou zde voln\u011b ke sta\u017een\u00ed v z\u00e1lo\u017ece <strong>Materi\u00e1ly<\/strong>.<\/p>\n","protected":false},"excerpt":{"rendered":"<p>N\u00e1bor do astronomick\u00e9ho krou\u017eku neprob\u00edh\u00e1. V\u00edtejte na internetov\u00e9 str\u00e1nce astronomick\u00e9ho krou\u017eku v Brn\u011b. Krou\u017eek je organizovan\u00fd \u00dastavem teoretick\u00e9 fyziky a astrofyziky Masarykovy univerzity ve spolupr\u00e1ci s Hv\u011bzd\u00e1rnou a planet\u00e1riem Brno. Jeho \u00fa\u010dastn\u00edci se pod veden\u00edm lektor\u016f u\u010d\u00ed jak teorii z &hellip; <a href=\"https:\/\/www.hvezdarna.cz\/krouzek\/\">Continue reading <span class=\"meta-nav\">&rarr;<\/span><\/a><\/p>\n","protected":false},"author":1,"featured_media":0,"parent":0,"menu_order":0,"comment_status":"closed","ping_status":"closed","template":"","meta":[],"_links":{"self":[{"href":"https:\/\/www.hvezdarna.cz\/krouzek\/wp-json\/wp\/v2\/pages\/74"}],"collection":[{"href":"https:\/\/www.hvezdarna.cz\/krouzek\/wp-json\/wp\/v2\/pages"}],"about":[{"href":"https:\/\/www.hvezdarna.cz\/krouzek\/wp-json\/wp\/v2\/types\/page"}],"author":[{"embeddable":true,"href":"https:\/\/www.hvezdarna.cz\/krouzek\/wp-json\/wp\/v2\/users\/1"}],"replies":[{"embeddable":true,"href":"https:\/\/www.hvezdarna.cz\/krouzek\/wp-json\/wp\/v2\/comments?post=74"}],"version-history":[{"count":32,"href":"https:\/\/www.hvezdarna.cz\/krouzek\/wp-json\/wp\/v2\/pages\/74\/revisions"}],"predecessor-version":[{"id":1336,"href":"https:\/\/www.hvezdarna.cz\/krouzek\/wp-json\/wp\/v2\/pages\/74\/revisions\/1336"}],"wp:attachment":[{"href":"https:\/\/www.hvezdarna.cz\/krouzek\/wp-json\/wp\/v2\/media?parent=74"}],"curies":[{"name":"wp","href":"https:\/\/api.w.org\/{rel}","templated":true}]}}